{"id":10510,"date":"2024-03-26T13:49:12","date_gmt":"2024-03-26T13:49:12","guid":{"rendered":"https:\/\/italypost.ru\/?product=bior-5-biorevitalizing-booster-1x6ml"},"modified":"2024-03-26T13:49:13","modified_gmt":"2024-03-26T13:49:13","slug":"bior-5-biorevitalizing-booster-1x6ml","status":"publish","type":"product","link":"https:\/\/italypost.ru\/?product=bior-5-biorevitalizing-booster-1x6ml","title":{"rendered":"BIOR 5- Biorevitalizing booster 1x6ml"},"content":{"rendered":"<p>\u041e\u043f\u0438\u0441\u0430\u043d\u0438\u0435<\/p>\n<p>            BIOR 5- \u0411\u0438\u043e\u0440\u0435\u0432\u0438\u0442\u0430\u043b\u0438\u0437\u0438\u0440\u0443\u044e\u0449\u0438\u0439 \u0431\u0443\u0441\u0442\u0435\u0440 1&#215;6 \u043c\u043b BIOREWITALIZUJ\u0104CY BOOSTER PRZYWRACAJ\u0104CY SK\u00d3RZE M\u0141ODO\u015a\u0106 \u00a0 BIOR.5 BOOSTER nowej Generacji zawiera zestaw sk\u0142adnik\u00f3w biorevitalizuj\u0105cych and bioregeneruj\u0105cych \u0434\u043b\u044f \u0443\u043d\u0438\u043a\u0430\u043b\u044c\u043d\u043e\u0433\u043e \u0438\u0441\u043f\u043e\u043b\u044c\u0437\u043e\u0432\u0430\u043d\u0438\u044f \u043d\u0435\u0433\u043e \u0438 \u044d\u043a\u0441\u043a\u043b\u044e\u0437\u0438\u0432\u043d\u044b\u0439 \u043f\u0440\u043e\u0434\u0443\u043a\u0442. BIOR5s \u044f\u0432\u043b\u044f\u0435\u0442\u0441\u044f \u043f\u0440\u043e\u043c\u044b\u0448\u043b\u0435\u043d\u043d\u044b\u043c \u0441\u0442\u0435\u0440\u0438\u043b\u044c\u043d\u044b\u043c \u0440\u0430\u0441\u0442\u0432\u043e\u0440\u043e\u043c, \u043a\u043e\u0442\u043e\u0440\u044b\u0439 \u0432\u043a\u043b\u044e\u0447\u0430\u0435\u0442 \u0432 \u0441\u0435\u0431\u044f \u043e\u0434\u043d\u043e\u0440\u0430\u0437\u043e\u0432\u044b\u0435 \u043f\u0440\u043e\u0434\u0443\u043a\u0442\u044b, \u043a\u043e\u0442\u043e\u0440\u044b\u0435 \u043f\u0440\u043e\u0438\u0437\u0432\u043e\u0434\u044f\u0442\u0441\u044f \u0441 \u0438\u0441\u043f\u043e\u043b\u044c\u0437\u043e\u0432\u0430\u043d\u0438\u0435\u043c \u043c\u0435\u0442\u0430\u0431\u043e\u043b\u0438\u0447\u0435\u0441\u043a\u0438\u0445 \u0441\u0440\u0435\u0434\u0441\u0442\u0432. \u0445\u0440\u043e\u043d\u043e- \u0438 \u0444\u043e\u0442\u043e\u0441\u0442\u0430\u0440\u0437\u0435\u043d\u0438\u0435\u043c. \u041f\u0420\u041e\u0413\u0420\u0410\u041c\u041c\u0410 BIOR-5 BOOSTER \u043e\u0431\u0435\u0441\u043f\u0435\u0447\u0438\u0432\u0430\u0435\u0442 5 \u0441\u0438\u043d\u0435\u0440\u0433\u0438\u0447\u0435\u0441\u043a\u0438\u0445 \u043f\u0440\u043e\u0446\u0435\u0441\u0441\u043e\u0432, \u0441\u0442\u0438\u043c\u0443\u043b\u044f\u0446\u0438\u044e \u0438 \u0441\u0442\u0430\u0431\u0438\u043b\u0438\u0437\u0430\u0446\u0438\u044e \u043f\u0440\u043e\u0446\u0435\u0441\u0441\u0430 \u0441\u0442\u0430\u0440\u0435\u043d\u0438\u044f, \u0435\u0441\u043b\u0438 \u0435\u0441\u0442\u044c \u0441\u0442\u0438\u043c\u0443\u043b\u044b, \u0441\u0442\u0438\u043c\u0443\u043b\u0438\u0440\u0443\u044e\u0449\u0438\u0435 \u043f\u0440\u043e\u0446\u0435\u0441\u0441\u044b, \u0431\u0438\u043e\u043b\u043e\u0433\u0438\u0447\u0435\u0441\u043a\u0430\u044f \u0440\u0435\u0433\u0435\u043d\u0435\u0440\u0430\u0446\u0438\u044f, \u043d\u043e\u0432\u044b\u0435 \u043e\u0434\u043f\u043e\u0432\u0438\u0434\u043d\u044b\u0435 \u0446\u0432\u0435\u0442\u043d\u044b\u0435 \u0442\u043a\u0430\u043d\u0438 \u0438\u043b\u0438 \u0437\u0430\u043f\u044f\u0441\u0442\u044c\u044f. \u0142\u0119bokie nawil\u017canie. 5 DZIA\u0141A\u0143 BIOR5 BOOSTER: R1 \u00a0przywr\u00f3cenie prawid\u0142owego \u0438 unezb\u0119dnego nawil\u017cenia i od\u017cywienia sk\u00f3ry (\u043d\u0430\u0432\u0438\u043b\u0436\u0435\u043d\u0438\u0435 \u0438 \u043e\u0436\u0438\u0432\u043b\u0435\u043d\u0438\u0435). R2\u00a0\u00a0\u2014 \u044d\u0442\u043e \u0438\u043d\u0442\u0435\u0433\u0440\u0430\u0446\u0438\u044f \u043f\u043e\u0434\u0441\u0442\u0430\u0432\u043e\u0447\u043d\u044b\u0445 \u0441\u0442\u0440\u0443\u043a\u0442\u0443\u0440, \u0442\u0430\u043a\u0438\u0445 \u043a\u0430\u043a \u043a\u043e\u043b\u043b\u0430\u0433\u0435\u043d, \u0433\u0438\u0430\u043b\u0443\u0440\u043e\u043d\u043e\u0432\u0430\u044f \u043a\u0438\u0441\u043b\u043e\u0442\u0430 \u0438 \u044d\u043b\u0430\u0441\u0442\u0438\u043d (\u0431\u0438\u043e\u0440\u0435\u0432\u0438\u0442\u0430\u043b\u0438\u0437\u0430\u0446\u0438\u044f). R3 \u0440\u0435\u0430\u0433\u0438\u0440\u0443\u0435\u0442 \u043d\u0430 \u043f\u0440\u043e\u0434\u0443\u043a\u0442\u044b \u043a\u043e\u043b\u043b\u0430\u0433\u0435\u043d\u0430 \u0438 \u044d\u043b\u0430\u0441\u0442\u0438\u043d\u0430, \u0441\u043e\u0434\u0435\u0440\u0436\u0430\u0449\u0438\u0435 \u0430\u043c\u0438\u043d\u043e\u043a\u0438\u0441\u043b\u043e\u0442\u044b, \u043f\u0435\u043f\u0442\u0438\u0434\u044b \u0438 \u0433\u043b\u044e\u0442\u0430\u0442\u0438\u044e, \u043e\u0431\u0440\u0430\u0437\u0443\u044e\u0449\u0438\u0435 \u0444\u043e\u0440\u043c\u0443\u043b\u0443 (\u044d\u043d\u0434\u043e\u0433\u0435\u043d\u043d\u0430\u044f \u0431\u0438\u043e\u0440\u0435\u0432\u0438\u0442\u0430\u043b\u0438\u0437\u0430\u0446\u0438\u044f). R4 \u043e\u0431\u0435\u0441\u043f\u0435\u0447\u0438\u0432\u0430\u0435\u0442 \u0438\u043d\u0442\u0435\u0433\u0440\u0430\u0446\u0438\u044e \u043f\u043e\u0434\u0441\u0442\u0430\u0432\u043e\u0447\u043d\u044b\u0445 \u0441\u0442\u0440\u0443\u043a\u0442\u0443\u0440, \u0442\u0430\u043a\u0438\u0445 \u043a\u0430\u043a \u043a\u043e\u043b\u043b\u0430\u0433\u0435\u043d, \u0433\u0438\u0430\u043b\u0443\u0440\u043e\u043d\u043e\u0432\u0430\u044f \u043a\u0438\u0441\u043b\u043e\u0442\u0430 \u0438 \u044d\u043b\u0430\u0441\u0442\u0438\u043d (\u0431\u0438\u043e\u0440\u0435\u0432\u0438\u0442\u0430\u043b\u0438\u0437\u0430\u0446\u0438\u044f). R5 \u0443\u043c\u0435\u043d\u044c\u0448\u0430\u0435\u0442 \u043a\u043e\u043b\u0438\u0447\u0435\u0441\u0442\u0432\u043e \u044d\u043d\u0434\u043e\u0433\u0435\u043d\u043d\u044b\u0445 \u0432\u0435\u0449\u0435\u0441\u0442\u0432, \u0442\u0430\u043a\u0438\u0445 \u043a\u0430\u043a \u0433\u0438\u0430\u043b\u0443\u0440\u043e\u043d\u043e\u0432\u0430\u044f \u043a\u0438\u0441\u043b\u043e\u0442\u0430 \u0438 \u043a\u043e\u043b\u0430\u0433\u0435\u043d, \u043a\u043e\u0442\u043e\u0440\u044b\u0435 \u0432\u044b\u0437\u044b\u0432\u0430\u044e\u0442 \u0435\u0441\u0442\u0435\u0441\u0442\u0432\u0435\u043d\u043d\u0443\u044e \u0434\u0435\u0433\u0435\u043d\u0435\u0440\u0430\u0446\u0438\u044e. EKWENCYJNA BIOREWITALIZACJA DLA WZMOCNIONEGO EFEKTU \u00a0 PO\u0141\u0104CZENIE BIOR5 Peeling\u00a0 (\u0434\u043e\u043f\u043e\u043b\u043d\u0438\u0442\u0435\u043b\u044c\u043d\u044b\u0439 \u0432\u0430\u0440\u0438\u0430\u043d\u0442 \u0434\u043b\u044f \u043e\u0441\u043e\u0431\u044b\u0445 \u043f\u0440\u0435\u0434\u043b\u043e\u0436\u0435\u043d\u0438\u0439) + BIOR5 Booster<br \/>\n  = \u0411\u0418\u041e\u0420\u0412\u041e\u041b\u042e\u0426\u0418\u042f \u0418 \u042d\u0412\u041e\u041b\u042e\u0426\u0418\u042f \u0411\u0418\u041e\u0421\u0422\u0418\u041c\u0423\u041b\u042f\u0426\u0418\u042f \u00a0 BIOR5 \u0431\u0438\u043e\u0440\u0435\u0432\u0438\u0442\u0430\u043b\u0438\u0437\u0430\u0446\u0438\u044f BOOSTER \u0438\u043b\u0438 \u0432\u0435\u0449\u0435\u0441\u0442\u0432\u043e, \u043f\u043e\u043c\u043e\u0433\u0430\u044e\u0449\u0435\u0435 BIOR5 PEELING, \u043f\u043e\u043b\u043d\u044b\u0439 \u043a\u043e\u043c\u043f\u043b\u0435\u043a\u0442 \u0438 \u043b\u0435\u0447\u0435\u0431\u043d\u044b\u0435 \u043f\u0440\u043e\u0434\u0443\u043a\u0442\u044b, \u0437\u0430\u0449\u0438\u0449\u0430\u044e\u0449\u0438\u0435 \u0441\u0442\u0430\u0440\u0446\u0435\u0432, \u043a\u043e\u0442\u043e\u0440\u044b\u0435 \u0438\u0441\u043f\u043e\u043b\u044c\u0437\u0443\u044e\u0442 \u0443\u043d\u0438\u043a\u0430\u043b\u044c\u043d\u0443\u044e \u0444\u043e\u0440\u043c\u0443\u043b\u0443: Zmniejs zaj\u0105 niedoskona\u0142o\u015bci sk\u00f3ry spowodowane \u0445\u0440\u043e\u043d\u043e- \u0438 \u0444\u043e\u0442\u043e\u0441\u0442\u0430\u0440\u0437\u0435\u043d\u0438\u0435\u043c, \u0438\u0437\u043e\u0431\u0440\u0430\u0436\u0435\u043d\u0438\u0435\u043c \u043d\u0430 \u0434\u043d\u0435\u0432\u043d\u043e\u0435 \u0432\u0440\u0435\u043c\u044f \u0438 \u0434\u0440\u0443\u0433\u0438\u043c\u0438 \u043f\u0441\u0438\u0445\u0438\u0447\u0435\u0441\u043a\u0438\u043c\u0438 \u0440\u0430\u0441\u0441\u0442\u0440\u043e\u0439\u0441\u0442\u0432\u0430\u043c\u0438 (zanieczyszczenia, z\u0142a Dieta , \u043e\u0433\u0440\u0430\u043d\u0438\u0447\u0435\u043d\u0430 \u0430\u043a\u0442\u0438\u0432\u043d\u0430\u044f \u0444\u0438\u0437\u0438\u0447\u0435\u0441\u043a\u0430\u044f \u0434\u0435\u044f\u0442\u0435\u043b\u044c\u043d\u043e\u0441\u0442\u044c). SEKWENCYJNE PO\u0141\u0104CZENIE PEELINGU BIOR5 ORAZ BOOSTERA BIOR5 JEST BARDZIEJ SKUTECZNE NI\u017b OBA PRODUKTY STOSOWANE ODDZIELNIE \u00a01+1 = 3 \u00a0 \u00a0 \u00a0 BIOR5 BOOSTER \u0441\u0430\u043c\u043e\u0441\u0442\u043e\u044f\u0442\u0435\u043b\u044c\u043d\u044b\u0439, oraz w po\u0142\u0105czeniu z BIOR5 PEELING, wykazu je nast\u0119puj\u0105ce dzia\u0142anie: \u00a0Dzia\u0142anie 1: Przebudowa, wspieranie odbowy kom\u00f3rek \u0438 produkcji novego kolagenu, \u044d\u043b\u0430\u0441\u0442\u0438\u0447\u043d\u044b\u0435 \u0438 kwasu hialuronowego \u00a0Dzia\u0142anie 2: Dzia\u0142anie antyoksydacyjne, zabezpieczaj\u0105ce sk\u00f3r\u0119 przed wolnymi Rodnikami Spowodowanymy Cynnikami \u015brodowiskowymi \u0438 promeniowaniem S\u0142onecznym \u00a0Dzia\u0142anie 3: Dzia\u0142anie nawil\u017caj\u0105ce, w spieraj\u0105ce szybkie navodnienie tkanek \u0438 popraw\u0119 Hydrodynamiki Sk\u00f3ry. OBSZARY ZASTOSOWANIA BIOR-5 BOOSTER: czo\u0142o okolice oczu okolice ust szyja i dekolt \u00a0 \u00a0 SKLADNIKI W FORMULE: BIOR5 BOOSTER \u0142\u0105czy w jednym produkcie wszystkie sk\u0142adniki konieczne do zapobiegania starzeniu si\u0119 sk\u00f3ry i pr zeciwdzia\u0142ania uszkodzeniom Metabolicznym spowodowanym przez Chronic- i fotostarzenie \u00a0 \u0413\u0418\u0410\u041b\u0423\u0420\u041e\u041d\u0421\u041a\u0418\u0419 \u041c\u0415\u0422\u0418\u041b\u0421\u0418\u041b\u0410\u041d\u041e\u041b\u0423: pochodz\u0105cy z kondensacji krzemionki \u041e\u0440\u0433\u0430\u043d\u0438\u0447\u0435\u0441\u043a\u0438\u0439 \u0438 \u043b\u0438\u043d\u0435\u0439\u043d\u044b\u0439 \u0433\u0438\u0430\u043b\u0443\u0440\u043e\u043d\u043e\u0432\u044b\u0439 \u043a\u0432\u0430\u0441, \u0437\u0430\u043c\u0435\u0434\u043b\u044f\u0435\u0442 \u0441\u0442\u0430\u0440\u0435\u043d\u0438\u0435 \u043a\u043e\u0436\u0438 \u0438 \u0432\u043e\u0441\u0441\u0442\u0430\u043d\u0430\u0432\u043b\u0438\u0432\u0430\u0435\u0442 \u0442\u043a\u0430\u043d\u0438 \u043a\u043e\u0436\u0438 \u0432 \u0445\u0440\u043e\u043d\u043e- \u0438 \u0444\u043e\u0442\u043e\u0441\u0442\u0430\u0440\u0435\u043d\u0438\u0438. \u041e\u0440\u0433\u0430\u043d\u0438\u0447\u0435\u0441\u043a\u0438\u0435 \u043f\u0440\u043e\u0434\u0443\u043a\u0442\u044b \u0438\u043c\u0435\u044e\u0442 \u0432\u0430\u0436\u043d\u043e\u0435 \u0437\u043d\u0430\u0447\u0435\u043d\u0438\u0435 \u0434\u043b\u044f \u0432\u043e\u0441\u0441\u0442\u0430\u043d\u043e\u0432\u043b\u0435\u043d\u0438\u044f \u0438 \u0440\u0435\u0433\u0435\u043d\u0435\u0440\u0430\u0446\u0438\u0438 \u043c\u0430\u043a\u0440\u043e\u0447\u0430\u0441\u0442\u0438\u0446, \u0442\u0430\u043a\u0438\u0445 \u043a\u0430\u043a \u044d\u043b\u0430\u0441\u0442\u0438\u043d, \u043a\u043e\u043b\u043b\u0430\u0433\u0435\u043d, \u043f\u0440\u043e\u0442\u0435\u043e\u0433\u043b\u0438\u043a\u0430\u043d\u044b \u0438 \u0433\u043b\u0438\u043a\u043e\u043f\u0440\u043e\u0442\u0435\u0438\u043d\u044b. \u0421\u0442\u0438\u043c\u0443\u043b\u044f\u0446\u0438\u044f \u043c\u0438\u0442\u043e\u0437\u043e\u0432 \u0444\u0438\u0431\u0440\u043e\u0431\u043b\u0430\u0441\u0442\u043e\u0432 \u0438 \u0437\u0430\u0434\u0435\u0440\u0436\u043a\u0430 \u0434\u044b\u0445\u0430\u043d\u0438\u044f, \u043d\u0430\u043f\u0440\u0430\u0432\u043b\u0435\u043d\u043d\u0430\u044f \u043d\u0430 \u0432\u043e\u0441\u0441\u0442\u0430\u043d\u043e\u0432\u043b\u0435\u043d\u0438\u0435 \u043a\u043e\u0436\u0438 \u0438 \u043d\u0430\u0441\u043a\u0432\u0435\u0440\u043d\u044b. \u0421\u0442\u0438\u043c\u0443\u043b\u0438\u0440\u0443\u044e\u0449\u0438\u0439 \u044d\u043d\u0434\u043e\u0433\u0435\u043d\u043d\u044b\u0439 \u043f\u0440\u043e\u0434\u0443\u043a\u0442 \u0433\u0438\u0430\u043b\u0443\u0440\u043e\u043d\u043e\u0432\u043e\u0439 \u043a\u0438\u0441\u043b\u043e\u0442\u044b \u0438 \u0441\u0438\u043d\u0442\u0435\u0437\u0430 \u043a\u043e\u043b\u043b\u0430\u0433\u0435\u043d\u0430. \u0413\u0438\u0430\u043b\u0443\u0440\u043e\u043d\u043e\u0432\u0430\u044f \u043a\u0438\u0441\u043b\u043e\u0442\u0430 \u043f\u0440\u0435\u0432\u0440\u0430\u0449\u0430\u0435\u0442\u0441\u044f \u0432 \u0433\u043b\u0438\u043a\u043e\u0437\u0430\u043c\u0438\u043d\u043e\u0433\u043b\u0438\u043a\u0430\u043d, \u043e\u0431\u0440\u0430\u0437\u0443\u0435\u0442 \u0441\u0442\u0440\u0443\u043a\u0442\u0443\u0440\u0443, \u043a\u043e\u0442\u043e\u0440\u0430\u044f \u0441\u043f\u043e\u0441\u043e\u0431\u0441\u0442\u0432\u0443\u0435\u0442 \u0431\u044b\u0441\u0442\u0440\u043e\u043c\u0443 \u0443\u0432\u0435\u043b\u0438\u0447\u0435\u043d\u0438\u044e \u0438 \u044d\u043b\u0430\u0441\u0442\u0438\u0447\u043d\u043e\u0441\u0442\u0438. \u041e\u041b\u0418\u0413\u041e\u041f\u0415\u041f\u0422\u0418\u0414-4: \u00a0\u043f\u0435\u043f\u0442\u0438\u0434, \u043a\u043e\u0442\u043e\u0440\u044b\u0439 \u0430\u043a\u0442\u0438\u0432\u0438\u0440\u0443\u0435\u0442 \u043f\u0440\u043e\u0446\u0435\u0441\u0441 \u0431\u0438\u043e\u0441\u0438\u043d\u0442\u0435\u0437\u0430 \u043a\u043e\u043b\u043b\u0430\u0433\u0435\u043d\u0430. Poprzez hamowanie dzia\u0142ania \u0433\u0438\u0434\u0440\u043e\u043a\u0441\u0438\u043b\u0430\u0437\u044b \u043f\u0440\u043e\u043b\u0438\u043d\u043e\u0432\u043e\u0439 (\u043f\u0440\u043e\u043a\u043e\u043b\u0430\u0433\u0435\u043d) [\u0430\u043d\u0433. \u043f\u0440\u043e\u0442\u043e\u043a\u043e\u043b\u043b\u0430\u0433\u0435\u043d\u043e\u043f\u0440\u043e\u043b\u0438\u043d\u0433\u0438\u0434\u0440\u043e\u043a\u0441\u0438\u043b\u0430\u0437\u0430] spowalnia nadmiern\u0105 produkcj\u0119 Mostk\u00f3w mi\u0119dzy w\u0142\u00f3knami and zapobiega zjawiskom twardnienia sk\u00f3ry \u00a0 SH-\u041e\u041b\u0418\u0413\u041e\u041f\u0415\u041f\u0422\u0418\u0414-1: \u00a0\u041f\u0435\u043f\u0442\u0438\u0434 \u0437\u0430\u0432\u0438\u044d\u0440\u0430\u0446\u0438\u0438 53 \u0430\u043c\u0438\u043d\u043e\u043a\u0438\u0441\u043b\u043e\u0442\u044b, \u043a\u043e\u0442\u043e\u0440\u044b\u0435 \u0432\u044b\u0437\u044b\u0432\u0430\u044e\u0442 \u0438\u0441\u0442\u043e\u0449\u0435\u043d\u0438\u0435 \u043d\u0430\u0431\u043b\u043e\u043d\u043a\u043e\u0432\u044b\u0445 \u043a\u043b\u0435\u0442\u043e\u043a wz \u0440\u043e\u0441\u0442\u0443. \u0421\u0442\u0438\u043c\u0443\u043b\u0438\u0440\u0443\u044e\u0449\u0438\u0435 \u043a\u043e\u043c\u043e\u0440\u043a\u0438 \u043d\u0430\u0441\u043a\u043e\u0440\u043a\u0438, \u043a\u043e\u0442\u043e\u0440\u044b\u0435 \u043f\u043e\u043c\u043e\u0433\u0430\u044e\u0442 \u0432\u0430\u0448\u0438\u043c \u0440\u0435\u0446\u0435\u043f\u0442\u043e\u0440\u0430\u043c, \u0440\u0430\u0437\u043c\u043d\u043e\u0436\u0430\u044e\u0442\u0441\u044f \u0438 \u0432\u043e\u0437\u0432\u0440\u0430\u0449\u0430\u044e\u0442\u0441\u044f. \u0421\u043e\u0435\u0434\u0438\u043d\u0435\u043d\u0438\u0435 \u0431\u0435\u043b\u043a\u043e\u0432 \u0441 \u043a\u043e\u043c\u043e\u0440\u043a\u043e\u0432\u044b\u043c\u0438 \u0440\u0435\u0446\u0435\u043f\u0442\u043e\u0440\u0430\u043c\u0438 \u0432\u044b\u0437\u044b\u0432\u0430\u0435\u0442 \u0437\u0430\u043f\u0443\u0441\u043a \u043c\u043e\u043b\u0435\u043a\u0443\u043b\u044f\u0440\u043d\u044b\u0445 \u043f\u0440\u043e\u0446\u0435\u0441\u0441\u043e\u0432, \u043a\u043e\u0442\u043e\u0440\u044b\u0435 \u0432\u044b\u0437\u044b\u0432\u0430\u044e\u0442 \u043a\u043e\u043d\u0435\u0447\u043d\u044b\u0439 \u0440\u0435\u0437\u0443\u043b\u044c\u0442\u0430\u0442. \u041c\u041e\u0427\u041d\u0418\u041a: \u00a0\u044d\u0442\u043e \u0431\u0430\u0440\u0434\u0437\u043e \u043f\u0440\u043e\u0441\u0442\u044b\u043c \u0438 \u0441\u043a\u0443\u0442\u0435\u0447\u043d\u044b\u043c zwi\u0105zkiem \u043e\u0440\u0433\u0430\u043d\u0438\u0447\u0435\u0441\u043a\u0438\u043c. \u0415\u0441\u043b\u0438 \u0444\u043e\u0440\u043c\u0443\u043b\u0430 \u043f\u0440\u043e\u0446\u0435\u043d\u0442\u0430 \u044f\u0432\u043b\u044f\u0435\u0442\u0441\u044f \u0433\u0438\u0433\u0440\u043e\u0441\u043a\u043e\u043f\u0438\u0447\u0435\u0441\u043a\u043e\u0439, \u0442\u043e \u043e\u043d\u0430 \u043f\u043e\u0437\u0432\u043e\u043b\u044f\u0435\u0442 \u043f\u043e\u043b\u0443\u0447\u0438\u0442\u044c \u0432\u043e\u0434\u0443, \u043f\u043e\u043b\u0443\u0447\u0435\u043d\u043d\u0443\u044e \u0441 \u043f\u043e\u043c\u043e\u0449\u044c\u044e \u043b\u0430\u043d\u0447\u0443\u0445\u043e\u0432. \u0412\u044b\u0437\u044b\u0432\u0430\u0435\u0442 \u0433\u043b\u0443\u0431\u043e\u043a\u0443\u044e \u0433\u0438\u0434\u0440\u043e\u0444\u0438\u043b\u043e\u0432\u0443 \u043a\u043e\u043c\u043e\u0440\u043a\u0443, \u0437\u0430\u0432\u0438\u0432\u0430\u044e\u0449\u0443\u044e\u0441\u044f \u043e\u0442 \u0433\u0440\u044f\u0437\u0438, \u043d\u0430\u0432\u0438\u0441\u0430\u044e\u0449\u0443\u044e \u043a\u043e\u0436\u0443 \u0438 \u0433\u043b\u0443\u0431\u043e\u043a\u0443\u044e \u043f\u0435\u043d\u0435\u0442\u0440\u0430\u0446\u0438\u044e \u0441\u043a\u043b\u0430\u0434\u043e\u043a \u00a0 RODACEA: \u043f\u043e\u0436\u0438\u0437\u043d\u0435\u043d\u043d\u044b\u0439 \u0434\u043e\u0441\u0442\u0443\u043f \u043a \u043c\u0438\u043a\u0440\u043e\u0430\u043b\u0433\u0443 Rhodella Violacea, \u0447\u0442\u043e\u0431\u044b \u0438\u0437\u0431\u0435\u0436\u0430\u0442\u044c \u0445\u0440\u043e\u043d\u0438\u0447\u0435\u0441\u043a\u0438\u0445 \u0437\u0430\u0431\u043e\u043b\u0435\u0432\u0430\u043d\u0438\u0439 \u0441 \u043f\u043e\u043c\u043e\u0449\u044c\u044e \u0437\u0435\u043b\u0435\u043d\u044b\u0445 \u0440\u0430\u0441\u0442\u0435\u043d\u0438\u0439 szkodliwymi, \u043f\u043e\u043f\u0440\u0430\u0432\u0438\u0430 \u0434\u043e\u0442\u043b\u0435\u043d\u0438\u0435 \u0438 \u0441\u0442\u0438\u043c\u0443\u043b\u044f\u0446\u0438\u044f \u0440\u0430\u0437\u0432\u0438\u0442\u0438\u044f \u0431\u0438\u043e\u043b\u043e\u0433\u0438\u0447\u0435\u0441\u043a\u0438\u0445 \u043f\u0440\u043e\u0446\u0435\u0441\u0441\u043e\u0432, \u0432 \u043a\u043e\u0442\u043e\u0440\u044b\u0445 \u0430\u043a\u0442\u0438\u0432\u0438\u0440\u0443\u044e\u0442\u0441\u044f \u043c\u0438\u0442\u043e\u0445\u043e\u043d\u0434\u0440\u0438\u0438, \u043a\u043e\u043c\u043e\u0440\u043a\u0438. \u0414\u0437\u0435\u043d\u043a\u0438 \u043f\u043b\u0430\u0432\u0430\u044e\u0442 \u0432 \u0432\u043e\u0434\u0435, \u0432\u044b\u0431\u0438\u0440\u0430\u044f \u0438\u0437 \u043d\u0438\u0445 \u0440\u043e\u0434\u0430\u0446\u0435\u044e, \u043a\u043e\u0442\u043e\u0440\u0430\u044f \u0432\u044b\u0437\u044b\u0432\u0430\u0435\u0442 \u0433\u0438\u0430\u043b\u0443\u0440\u043e\u043d\u0438\u0434\u0430\u0437\u044b, \u0441\u0442\u0438\u043c\u0443\u043b\u0438\u0440\u0443\u044e\u0449\u0438\u0435 \u043f\u0440\u043e\u0446\u0435\u0441\u0441\u044b, \u043a\u043e\u0442\u043e\u0440\u044b\u0435 \u0441\u043f\u043e\u0441\u043e\u0431\u0441\u0442\u0432\u0443\u044e\u0442 \u0431\u044b\u0441\u0442\u0440\u043e\u043c\u0443 \u0440\u0435\u0433\u0435\u043d\u0435\u0440\u0430\u0446\u0438\u0438. \u0414\u0418\u041c\u0415\u0422\u0418\u041b\u041e\u0421\u0423\u041b\u0424\u041e\u041d: \u044f\u0432\u043b\u044f\u0435\u0442\u0441\u044f \u043e\u0440\u0433\u0430\u043d\u0438\u0447\u0435\u0441\u043a\u0438\u043c \u0432\u0435\u0449\u0435\u0441\u0442\u0432\u043e\u043c, \u0432\u044b\u0437\u044b\u0432\u0430\u044e\u0449\u0438\u043c \u0440\u0430\u0437\u0434\u0440\u0430\u0436\u0435\u043d\u0438\u0435. \u0421\u0442\u0430\u043d\u043e\u0432\u044f\u0441\u044c \u043d\u0430 \u0447\u0435\u043b\u043e\u0432\u0435\u0447\u0435\u0441\u043a\u0438\u0439 \u043e\u0440\u0433\u0430\u043d\u0438\u0437\u043c, \u043c\u044b \u0443\u0447\u0430\u0441\u0442\u0432\u0443\u0435\u043c \u0432 \u043f\u0440\u043e\u0438\u0437\u0432\u043e\u0434\u0441\u0442\u0432\u0435\u043d\u043d\u044b\u0445 \u043f\u0440\u043e\u0446\u0435\u0441\u0441\u0430\u0445, \u0442\u0430\u043a\u0438\u0445 \u043a\u0430\u043a \u0444\u0435\u0440\u043c\u0435\u043d\u0442\u044b, \u0433\u043e\u0440\u043c\u043e\u043d\u044b, \u0430\u043c\u0438\u043d\u043e\u043a\u0432\u0430\u0441\u044b, \u0444\u0435\u0440\u043c\u0435\u043d\u0442\u044b \u0438 \u0430\u043d\u0442\u0438\u043e\u043a\u0441\u0438\u0434\u0430\u043d\u0442\u044b. \u0411\u0438\u043e\u043b\u043e\u0433\u0438\u0447\u0435\u0441\u043a\u0438\u0435 \u0430\u043a\u0442\u0438\u0432\u043d\u044b\u0435 \u0432\u0435\u0449\u0435\u0441\u0442\u0432\u0430, \u043a\u043e\u0442\u043e\u0440\u044b\u0435 \u0438\u0441\u043f\u043e\u043b\u044c\u0437\u0443\u044e\u0442\u0441\u044f \u0434\u043b\u044f \u0441\u0438\u043d\u0442\u0435\u0437\u0430 \u043a\u043e\u043b\u043b\u0430\u0433\u0435\u043d\u0430 \u0438 \u043d\u043e\u0432\u044b\u0445 \u043d\u043e\u0432\u044b\u0445 \u0442\u043a\u0430\u043d\u0435\u0439, \u0438\u043c\u0435\u044e\u0442 \u0433\u0438\u0434\u0440\u043e\u043b\u0438\u0437\u043e\u0432\u0430\u043d\u043d\u044b\u0435 \u0433\u043b\u0438\u043a\u043e\u0437\u0430\u043c\u0438\u043d\u043e\u0433\u043b\u0438\u043a\u0430\u043d\u044b: \u043f\u043e\u043b\u0438\u0441\u0430\u0445\u0430\u0440\u0438\u0434\u043d\u044b\u0435 \u043a\u0438\u0441\u043b\u043e\u0442\u044b, \u043a\u043e\u0442\u043e\u0440\u044b\u0435 \u044f\u0432\u043b\u044f\u044e\u0442\u0441\u044f \u043f\u0440\u0435\u0434\u0448\u0435\u0441\u0442\u0432\u0435\u043d\u043d\u0438\u043a\u0430\u043c\u0438 \u0433\u0438\u0430\u043b\u0443\u0440\u043e\u043d\u043e\u0432\u043e\u0433\u043e \u0431\u0435\u043b\u043a\u0430, \u043c\u043e\u0433\u0443\u0442 \u0431\u044b\u0442\u044c \u0444\u0443\u043d\u0434\u0430\u043c\u0435\u043d\u0442\u0430\u043b\u044c\u043d\u044b\u043c\u0438 \u0434\u043b\u044f \u0437\u0434\u043e\u0440\u043e\u0432\u044c\u044f. \u043b\u043e\u0433\u0438\u0447\u0435\u0441\u043a\u0438\u0439 \u0441\u0438\u043d\u0442\u0435\u0437 \u0441\u0442\u0440\u0443\u043a\u0442\u0443\u0440\u044b \u0442\u043a\u0430\u043d\u0435\u0439 \u043b\u0435\u0433\u043a\u0438\u0445 \u00a0 \u0411\u0415\u0422\u0410-\u0413\u041b\u042e\u041a\u0410\u041d: \u0434\u043b\u044f \u043f\u043e\u043b\u0438\u0441\u0430\u0445\u0430\u0440\u0438\u0434\u043e\u0432 \u0438\u043b\u0438 \u0434\u043b\u044f \u0431\u043e\u043b\u0435\u0435 \u0441\u0438\u043b\u044c\u043d\u044b\u0445, \u0437\u0434\u043e\u0440\u043e\u0432\u044b\u0445 \u0434\u0435\u0439\u0441\u0442\u0432\u0438\u0439: 1. \u041a\u043e\u0433\u0434\u0430 \u043c\u044b \u0437\u0430\u043d\u0438\u043c\u0430\u0435\u043c\u0441\u044f \u043e\u0437\u0434\u043e\u0440\u043e\u0432\u0438\u0442\u0435\u043b\u044c\u043d\u044b\u043c\u0438 \u043f\u0440\u043e\u0446\u0435\u0434\u0443\u0440\u0430\u043c\u0438, \u0442\u043e, \u0447\u0442\u043e \u043c\u043e\u0436\u0435\u0442 \u043f\u0440\u0438\u0432\u0435\u0441\u0442\u0438 \u043a \u0431\u044b\u0441\u0442\u0440\u043e\u043c\u0443 \u0443\u0432\u0435\u043b\u0438\u0447\u0435\u043d\u0438\u044e \u043a\u043e\u043b\u0438\u0447\u0435\u0441\u0442\u0432\u0430 \u0436\u0438\u0434\u043a\u043e\u0441\u0442\u0438, \u043d\u0435\u043e\u0431\u0445\u043e\u0434\u0438\u043c\u043e \u0434\u043b\u044f \u0442\u043e\u0433\u043e, \u0447\u0442\u043e\u0431\u044b \u0434\u043e\u0431\u0438\u0442\u044c\u0441\u044f 2. \u0421\u0442\u0438\u043c\u0443\u043b\u044f\u0446\u0438\u044f \u043f\u0440\u043e\u043b\u0438\u0444\u0435\u0440\u0430\u0446\u0438\u0438 \u0444\u0438\u0431\u0440\u043e\u0431\u043b\u0430\u0441\u0442\u043e\u0432, \u0447\u0442\u043e \u043e\u0437\u043d\u0430\u0447\u0430\u0435\u0442, \u0447\u0442\u043e \u044d\u0442\u043e \u043d\u0435 \u0442\u0430\u043a. \u0440\u0435\u0433\u0435\u043d\u0435\u0440\u0430\u0446\u0438\u044f \u0442\u043a\u0430\u043d\u0435\u0439. Wi\u0119cej informationcji \u043d\u0430 www.bior5.pl \u00a0 \u041f\u0440\u043e\u0434\u0443\u043a\u0446\u0438\u044f \u0434\u043b\u044f \u043f\u0440\u043e\u0444\u0435\u0441\u0441\u0438\u043e\u043d\u0430\u043b\u044c\u043d\u043e\u0433\u043e \u0438\u0441\u043f\u043e\u043b\u044c\u0437\u043e\u0432\u0430\u043d\u0438\u044f. Decyduj\u0105c si\u0119 na kup o\u015bwiadczasz, jeste\u015b lekarzem lub kosmetologiem przeszkolonym z kresu medycyny estetycznej.<\/p>\n","protected":false},"excerpt":{"rendered":"<p>\u041e\u043f\u0438\u0441\u0430\u043d\u0438\u0435 BIOR 5- \u0411\u0438\u043e\u0440\u0435\u0432\u0438\u0442\u0430\u043b\u0438\u0437\u0438\u0440\u0443\u044e\u0449\u0438\u0439 \u0431\u0443\u0441\u0442\u0435\u0440 1&#215;6 \u043c\u043b BIOREWITALIZUJ\u0104CY BOOSTER PRZYWRACAJ\u0104CY SK\u00d3RZE M\u0141ODO\u015a\u0106 \u00a0 BIOR.5 BOOSTER nowej Generacji zawiera zestaw sk\u0142adnik\u00f3w biorevitalizuj\u0105cych and bioregeneruj\u0105cych \u0434\u043b\u044f \u0443\u043d\u0438\u043a\u0430\u043b\u044c\u043d\u043e\u0433\u043e \u0438\u0441\u043f\u043e\u043b\u044c\u0437\u043e\u0432\u0430\u043d\u0438\u044f \u043d\u0435\u0433\u043e \u0438 \u044d\u043a\u0441\u043a\u043b\u044e\u0437\u0438\u0432\u043d\u044b\u0439 \u043f\u0440\u043e\u0434\u0443\u043a\u0442. BIOR5s \u044f\u0432\u043b\u044f\u0435\u0442\u0441\u044f \u043f\u0440\u043e\u043c\u044b\u0448\u043b\u0435\u043d\u043d\u044b\u043c \u0441\u0442\u0435\u0440\u0438\u043b\u044c\u043d\u044b\u043c \u0440\u0430\u0441\u0442\u0432\u043e\u0440\u043e\u043c, \u043a\u043e\u0442\u043e\u0440\u044b\u0439 \u0432\u043a\u043b\u044e\u0447\u0430\u0435\u0442 \u0432 \u0441\u0435\u0431\u044f \u043e\u0434\u043d\u043e\u0440\u0430\u0437\u043e\u0432\u044b\u0435 \u043f\u0440\u043e\u0434\u0443\u043a\u0442\u044b, \u043a\u043e\u0442\u043e\u0440\u044b\u0435 \u043f\u0440\u043e\u0438\u0437\u0432\u043e\u0434\u044f\u0442\u0441\u044f \u0441 \u0438\u0441\u043f\u043e\u043b\u044c\u0437\u043e\u0432\u0430\u043d\u0438\u0435\u043c \u043c\u0435\u0442\u0430\u0431\u043e\u043b\u0438\u0447\u0435\u0441\u043a\u0438\u0445 \u0441\u0440\u0435\u0434\u0441\u0442\u0432. \u0445\u0440\u043e\u043d\u043e- \u0438 \u0444\u043e\u0442\u043e\u0441\u0442\u0430\u0440\u0437\u0435\u043d\u0438\u0435\u043c. \u041f\u0420\u041e\u0413\u0420\u0410\u041c\u041c\u0410 BIOR-5 BOOSTER \u043e\u0431\u0435\u0441\u043f\u0435\u0447\u0438\u0432\u0430\u0435\u0442 5 [&hellip;]<\/p>\n","protected":false},"featured_media":10511,"comment_status":"closed","ping_status":"open","template":"","meta":[],"product_brand":[],"product_cat":[43],"product_tag":[],"class_list":{"0":"post-10510","1":"product","2":"type-product","3":"status-publish","4":"has-post-thumbnail","6":"product_cat-43","8":"first","9":"instock","10":"purchasable","11":"product-type-simple"},"_links":{"self":[{"href":"https:\/\/italypost.ru\/index.php?rest_route=\/wp\/v2\/product\/10510","targetHints":{"allow":["GET"]}}],"collection":[{"href":"https:\/\/italypost.ru\/index.php?rest_route=\/wp\/v2\/product"}],"about":[{"href":"https:\/\/italypost.ru\/index.php?rest_route=\/wp\/v2\/types\/product"}],"replies":[{"embeddable":true,"href":"https:\/\/italypost.ru\/index.php?rest_route=%2Fwp%2Fv2%2Fcomments&post=10510"}],"wp:featuredmedia":[{"embeddable":true,"href":"https:\/\/italypost.ru\/index.php?rest_route=\/wp\/v2\/media\/10511"}],"wp:attachment":[{"href":"https:\/\/italypost.ru\/index.php?rest_route=%2Fwp%2Fv2%2Fmedia&parent=10510"}],"wp:term":[{"taxonomy":"product_brand","embeddable":true,"href":"https:\/\/italypost.ru\/index.php?rest_route=%2Fwp%2Fv2%2Fproduct_brand&post=10510"},{"taxonomy":"product_cat","embeddable":true,"href":"https:\/\/italypost.ru\/index.php?rest_route=%2Fwp%2Fv2%2Fproduct_cat&post=10510"},{"taxonomy":"product_tag","embeddable":true,"href":"https:\/\/italypost.ru\/index.php?rest_route=%2Fwp%2Fv2%2Fproduct_tag&post=10510"}],"curies":[{"name":"wp","href":"https:\/\/api.w.org\/{rel}","templated":true}]}}